{"id":52,"date":"2020-12-02T18:14:16","date_gmt":"2020-12-02T18:14:16","guid":{"rendered":"http:\/\/sinapsislapampa.com\/?page_id=52"},"modified":"2021-06-17T22:52:47","modified_gmt":"2021-06-17T22:52:47","slug":"fonoaudiologia","status":"publish","type":"page","link":"https:\/\/sinapsislapampa.com\/index.php\/especialidades\/fonoaudiologia\/","title":{"rendered":"Fonoaudiologia"},"content":{"rendered":"\n  <div id=\"page-header-1236891076\" class=\"page-header-wrapper\">\n  <div class=\"page-title dark featured-title\">\n\n        <div class=\"page-title-bg\">\n      <div class=\"title-bg fill bg-fill\"\n        data-parallax-container=\".page-title\"\n        data-parallax-background\n        data-parallax=\"-\">\n      <\/div>\n      <div class=\"title-overlay fill\"><\/div>\n    <\/div>\n    \n    <div class=\"page-title-inner container align-center text-center flex-row-col medium-flex-wrap\" >\n              <div class=\"title-wrapper flex-col\">\n          <h1 class=\"entry-title mb-0\">\n            FONOAUDIOLOGIA          <\/h1>\n        <\/div>\n                    <div class=\"title-content flex-col\">\n        <div class=\"title-breadcrumbs pb-half pt-half\"><\/div>      <\/div>\n    <\/div>\n\n     \n<style>\n#page-header-1236891076 .page-title-inner {\n  min-height: 250px;\n}\n#page-header-1236891076 .title-bg {\n  background-image: url(https:\/\/sinapsislapampa.com\/wp-content\/uploads\/2020\/12\/fonoaudiologia1.jpeg);\n  background-position: 26% 43%;\n}\n<\/style>\n  <\/div>\n    <\/div>\n  \n\n\t<section class=\"section\" id=\"section_1424354219\">\n\t\t<div class=\"bg section-bg fill bg-fill  bg-loaded\" >\n\n\t\t\t\n\t\t\t\n\t\t\t\n\n\t\t<\/div>\n\n\t\t<div class=\"section-content relative\">\n\t\t\t\n\n<div class=\"row\"  id=\"row-865572781\">\n\n\n\t<div id=\"col-562585160\" class=\"col small-12 large-12\"  >\n\t\t<div class=\"col-inner\"  >\n\t\t\t\n\t\t\t\n\n<p><span style=\"font-size: 120%;\">El \u00e1rea de <strong>Fonoaudiolog\u00eda<\/strong> de Sinapsis est\u00e1 conformada por un staff de profesionales especializado en la toma de evaluaciones individualizada y objetiva para cada paciente, para de esa forma dise\u00f1ar e implementar un plan de tratamiento espec\u00edfico.<\/span><\/p>\n<p><span style=\"font-size: 120%;\">Nuestra atenci\u00f3n est\u00e1 basada en la rehabilitaci\u00f3n de la comunicaci\u00f3n, del lenguaje, de la degluci\u00f3n y de la voz. Trabajamos con adolescentes y adultos que presenten un trastorno neurol\u00f3gico transitorio o permanente.<\/span><\/p>\n<p><span style=\"font-size: 120%;\">Luego de un da\u00f1o neurol\u00f3gico es importante analizar una posible alteraci\u00f3n de la degluci\u00f3n de alimentos por v\u00eda oral, lo que se denomina disfagia. Tambi\u00e9n pueden existir alteraciones en el lenguaje, que requiere de una coordinaci\u00f3n respiratoria fonatoria y de movimientos de programaci\u00f3n motora que pueden estar afectados en distintas enfermedades neurol\u00f3gicas. Nuestro staff tambi\u00e9n est\u00e1 capacitado para reeducar la voz, incluso en pacientes que no tienen patolog\u00edas.<\/span><\/p>\n<p><span style=\"font-size: 120%;\">Nuestro trabajo est\u00e1 basado en una rehabilitaci\u00f3n integral, poniendo objetivos generales y espec\u00edficos junto a todas las \u00e1reas de la instituci\u00f3n.<\/span><\/p>\n<div class=\"container section-title-container\" ><h3 class=\"section-title section-title-center\"><b><\/b><span class=\"section-title-main\" >NUESTROS PROFESIONALES<\/span><b><\/b><\/h3><\/div>\n\n<div class=\"row\"  id=\"row-580910182\">\n\n\n\t<div id=\"col-1636416515\" class=\"col medium-3 small-12 large-3\"  >\n\t\t<div class=\"col-inner\"  >\n\t\t\t\n\t\t\t\n\n    <div class=\"box has-hover has-hover box-text-bottom\" >\n\n                  <div class=\"box-image \" style=\"width:80%;\">\n           <div class=\"box-image-inner image-cover\" style=\"border-radius:100%;padding-top:100%;\">\n              <img decoding=\"async\" src=\"https:\/\/sinapsislapampa.com\/wp-content\/themes\/flatsome-2\/assets\/img\/missing.jpg\" \/>                         <\/div>\n          <\/div>\n         \n          <div class=\"box-text text-center\" >\n                <div class=\"box-text-inner\">\n                  <h4 class=\"uppercase\">\n                    <span class=\"person-name\">Azcarate Florencia<\/span><br\/>\n                    <span class=\"person-title is-small thin-font op-7\">\n                      MP 107                    <\/span>\n                  <\/h4>\n                 <div class=\"social-icons follow-icons\" ><a href=\"mailto:azcarateflor@hotmail.com\" data-label=\"E-mail\"  rel=\"nofollow\" class=\"icon button circle is-outline  email tooltip\" title=\"Env\u00edanos un email\"><i class=\"icon-envelop\" ><\/i><\/a><\/div>                 \n\n\n                <\/div>\n          <\/div>\n    <\/div>\n\n    \n    \n\n\t\t<\/div>\n\t\t\t<\/div>\n\n\t\n\n\t<div id=\"col-400565217\" class=\"col medium-3 small-12 large-3\"  >\n\t\t<div class=\"col-inner\"  >\n\t\t\t\n\t\t\t\n\n    <div class=\"box has-hover has-hover box-default box-text-bottom\" >\n\n                  <div class=\"box-image \" style=\"width:80%;\">\n           <div class=\"box-image-inner image-cover\" style=\"border-radius:100%;padding-top:100%;\">\n              <img decoding=\"async\" src=\"https:\/\/sinapsislapampa.com\/wp-content\/themes\/flatsome-2\/assets\/img\/missing.jpg\" \/>                         <\/div>\n          <\/div>\n         \n          <div class=\"box-text text-center\" >\n                <div class=\"box-text-inner\">\n                  <h4 class=\"uppercase\">\n                    <span class=\"person-name\">Sevillano Belen<\/span><br\/>\n                    <span class=\"person-title is-small thin-font op-7\">\n                      MP 109                    <\/span>\n                  <\/h4>\n                 <div class=\"social-icons follow-icons\" ><a href=\"mailto:fgambs04@gmail.com\" data-label=\"E-mail\"  rel=\"nofollow\" class=\"icon button circle is-outline  email tooltip\" title=\"Env\u00edanos un email\"><i class=\"icon-envelop\" ><\/i><\/a><\/div>                 \n\n\n                <\/div>\n          <\/div>\n    <\/div>\n\n    \n    \n\n\t\t<\/div>\n\t\t\t<\/div>\n\n\t\n\n\t<div id=\"col-571966824\" class=\"col medium-3 small-12 large-3\"  >\n\t\t<div class=\"col-inner\"  >\n\t\t\t\n\t\t\t\n\n    <div class=\"box has-hover has-hover box-default box-text-bottom\" >\n\n                  <div class=\"box-image \" style=\"width:80%;\">\n           <div class=\"box-image-inner image-cover\" style=\"border-radius:100%;padding-top:100%;\">\n              <img decoding=\"async\" src=\"https:\/\/sinapsislapampa.com\/wp-content\/themes\/flatsome-2\/assets\/img\/missing.jpg\" \/>                         <\/div>\n          <\/div>\n         \n          <div class=\"box-text text-center\" >\n                <div class=\"box-text-inner\">\n                  <h4 class=\"uppercase\">\n                    <span class=\"person-name\">Dosio Paula<\/span><br\/>\n                    <span class=\"person-title is-small thin-font op-7\">\n                      MP 097                    <\/span>\n                  <\/h4>\n                 <div class=\"social-icons follow-icons\" ><a href=\"mailto:pauladosio.idea@gmail.com\" data-label=\"E-mail\"  rel=\"nofollow\" class=\"icon button circle is-outline  email tooltip\" title=\"Env\u00edanos un email\"><i class=\"icon-envelop\" ><\/i><\/a><\/div>                 \n\n\n                <\/div>\n          <\/div>\n    <\/div>\n\n    \n    \n\n\t\t<\/div>\n\t\t\t<\/div>\n\n\t\n\n\t<div id=\"col-1956624473\" class=\"col medium-3 small-12 large-3\"  >\n\t\t<div class=\"col-inner\"  >\n\t\t\t\n\t\t\t\n\n    <div class=\"box has-hover has-hover box-default box-text-bottom\" >\n\n                  <div class=\"box-image \" style=\"width:80%;\">\n           <div class=\"box-image-inner image-cover\" style=\"border-radius:100%;padding-top:100%;\">\n              <img decoding=\"async\" src=\"https:\/\/sinapsislapampa.com\/wp-content\/themes\/flatsome-2\/assets\/img\/missing.jpg\" \/>                         <\/div>\n          <\/div>\n         \n          <div class=\"box-text text-center\" >\n                <div class=\"box-text-inner\">\n                  <h4 class=\"uppercase\">\n                    <span class=\"person-name\">Spadini Ana Luz<\/span><br\/>\n                    <span class=\"person-title is-small thin-font op-7\">\n                      MP 101                    <\/span>\n                  <\/h4>\n                 <div class=\"social-icons follow-icons\" ><a href=\"mailto:anitaspadini@hotmail.com\" data-label=\"E-mail\"  rel=\"nofollow\" class=\"icon button circle is-outline  email tooltip\" title=\"Env\u00edanos un email\"><i class=\"icon-envelop\" ><\/i><\/a><\/div>                 \n\n\n                <\/div>\n          <\/div>\n    <\/div>\n\n    \n    \n\n\t\t<\/div>\n\t\t\t<\/div>\n\n\t\n\n\t<div id=\"col-1728123033\" class=\"col medium-3 small-12 large-3\"  >\n\t\t<div class=\"col-inner\"  >\n\t\t\t\n\t\t\t\n\n    <div class=\"box has-hover has-hover box-text-bottom\" >\n\n                  <div class=\"box-image \" style=\"width:80%;\">\n           <div class=\"box-image-inner image-cover\" style=\"border-radius:100%;padding-top:100%;\">\n              <img decoding=\"async\" src=\"https:\/\/sinapsislapampa.com\/wp-content\/themes\/flatsome-2\/assets\/img\/missing.jpg\" \/>                         <\/div>\n          <\/div>\n         \n          <div class=\"box-text text-center\" >\n                <div class=\"box-text-inner\">\n                  <h4 class=\"uppercase\">\n                    <span class=\"person-name\">Vallejo Maria Valeria<\/span><br\/>\n                    <span class=\"person-title is-small thin-font op-7\">\n                      MP 048                    <\/span>\n                  <\/h4>\n                 <div class=\"social-icons follow-icons\" ><a href=\"mailto:mariavalevallejo@yahoo.com.ar\" data-label=\"E-mail\"  rel=\"nofollow\" class=\"icon button circle is-outline  email tooltip\" title=\"Env\u00edanos un email\"><i class=\"icon-envelop\" ><\/i><\/a><\/div>                 \n\n\n                <\/div>\n          <\/div>\n    <\/div>\n\n    \n    \n\n\t\t<\/div>\n\t\t\t<\/div>\n\n\t\n\n<\/div>\n\n\t\t<\/div>\n\t\t\n<style>\n#col-562585160 > .col-inner {\n  padding: 50px 0px 0px 0px;\n}\n<\/style>\n\t<\/div>\n\n\t\n\n<\/div>\n\n\t\t<\/div>\n\n\t\t\n<style>\n#section_1424354219 {\n  padding-top: 0px;\n  padding-bottom: 0px;\n}\n<\/style>\n\t<\/section>\n\t\n\n","protected":false},"excerpt":{"rendered":"","protected":false},"author":1,"featured_media":71,"parent":46,"menu_order":0,"comment_status":"closed","ping_status":"closed","template":"page-blank.php","meta":{"footnotes":""},"class_list":["post-52","page","type-page","status-publish","has-post-thumbnail","hentry"],"_links":{"self":[{"href":"https:\/\/sinapsislapampa.com\/index.php\/wp-json\/wp\/v2\/pages\/52","targetHints":{"allow":["GET"]}}],"collection":[{"href":"https:\/\/sinapsislapampa.com\/index.php\/wp-json\/wp\/v2\/pages"}],"about":[{"href":"https:\/\/sinapsislapampa.com\/index.php\/wp-json\/wp\/v2\/types\/page"}],"author":[{"embeddable":true,"href":"https:\/\/sinapsislapampa.com\/index.php\/wp-json\/wp\/v2\/users\/1"}],"replies":[{"embeddable":true,"href":"https:\/\/sinapsislapampa.com\/index.php\/wp-json\/wp\/v2\/comments?post=52"}],"version-history":[{"count":8,"href":"https:\/\/sinapsislapampa.com\/index.php\/wp-json\/wp\/v2\/pages\/52\/revisions"}],"predecessor-version":[{"id":307,"href":"https:\/\/sinapsislapampa.com\/index.php\/wp-json\/wp\/v2\/pages\/52\/revisions\/307"}],"up":[{"embeddable":true,"href":"https:\/\/sinapsislapampa.com\/index.php\/wp-json\/wp\/v2\/pages\/46"}],"wp:featuredmedia":[{"embeddable":true,"href":"https:\/\/sinapsislapampa.com\/index.php\/wp-json\/wp\/v2\/media\/71"}],"wp:attachment":[{"href":"https:\/\/sinapsislapampa.com\/index.php\/wp-json\/wp\/v2\/media?parent=52"}],"curies":[{"name":"wp","href":"https:\/\/api.w.org\/{rel}","templated":true}]}}