{"id":46,"date":"2020-12-02T18:11:46","date_gmt":"2020-12-02T18:11:46","guid":{"rendered":"http:\/\/sinapsislapampa.com\/?page_id=46"},"modified":"2020-12-17T16:51:55","modified_gmt":"2020-12-17T16:51:55","slug":"especialidades","status":"publish","type":"page","link":"https:\/\/sinapsislapampa.com\/index.php\/especialidades\/","title":{"rendered":"Especialidades"},"content":{"rendered":"\n  <div id=\"page-header-977930692\" class=\"page-header-wrapper\">\n  <div class=\"page-title dark featured-title\">\n\n        <div class=\"page-title-bg\">\n      <div class=\"title-bg fill bg-fill\"\n        data-parallax-container=\".page-title\"\n        data-parallax-background\n        data-parallax=\"-\">\n      <\/div>\n      <div class=\"title-overlay fill\"><\/div>\n    <\/div>\n    \n    <div class=\"page-title-inner container align-center text-center flex-row-col medium-flex-wrap\" >\n              <div class=\"title-wrapper flex-col\">\n          <h1 class=\"entry-title mb-0\">\n            ESPECIALIDADES          <\/h1>\n        <\/div>\n                    <div class=\"title-content flex-col\">\n        <div class=\"title-breadcrumbs pb-half pt-half\"><\/div>      <\/div>\n    <\/div>\n\n     \n<style>\n#page-header-977930692 .page-title-inner {\n  min-height: 250px;\n}\n#page-header-977930692 .title-bg {\n  background-image: url(https:\/\/sinapsislapampa.com\/wp-content\/uploads\/2020\/12\/14978769-equipo-de-profesionales-medicos-en-el-hospital.jpg);\n  background-position: 42% 50%;\n}\n#page-header-977930692 .title-overlay {\n  background-color: rgba(76, 75, 75, 0.52);\n}\n<\/style>\n  <\/div>\n    <\/div>\n  \n\n\t<section class=\"section\" id=\"section_2045287367\">\n\t\t<div class=\"bg section-bg fill bg-fill  bg-loaded\" >\n\n\t\t\t\n\t\t\t\n\t\t\t\n\n\t\t<\/div>\n\n\t\t<div class=\"section-content relative\">\n\t\t\t\n\n<div class=\"row align-middle align-center\"  id=\"row-712566092\">\n\n\n\t<div id=\"col-1526522789\" class=\"col small-12 large-12\"  >\n\t\t<div class=\"col-inner text-center\"  >\n\t\t\t\n\t\t\t\n\n\n  <div class=\"banner has-hover\" id=\"banner-995321938\">\n          <div class=\"banner-inner fill\">\n        <div class=\"banner-bg fill\" >\n            <div class=\"bg fill bg-fill \"><\/div>\n                        <div class=\"overlay\"><\/div>            \n\t<div class=\"is-border\"\n\t\tstyle=\"border-width:0px 0px 0px 0px;margin:0px 0px 7px 0px;\">\n\t<\/div>\n                    <\/div>\n        <div class=\"banner-layers container\">\n            <div class=\"fill banner-link\"><\/div>            \n\n   <div id=\"text-box-358875059\" class=\"text-box banner-layer x50 md-x50 lg-x50 y50 md-y50 lg-y50 res-text\">\n                                <div class=\"text dark\">\n              \n              <div class=\"text-inner text-center\">\n                  \n\n<h3 class=\"uppercase\" style=\"text-align: center;\"><span style=\"font-size: 120%;\"><b>NEUROLOGIA<\/b><\/span><\/h3>\n\n              <\/div>\n           <\/div>\n                            \n<style>\n#text-box-358875059 {\n  width: 60%;\n}\n#text-box-358875059 .text {\n  font-size: 100%;\n}\n<\/style>\n    <\/div>\n \n\n        <\/div>\n      <\/div>\n\n            \n<style>\n#banner-995321938 {\n  padding-top: 150px;\n}\n#banner-995321938 .bg.bg-loaded {\n  background-image: url(https:\/\/sinapsislapampa.com\/wp-content\/uploads\/2020\/12\/Neurologia-Pediatrica-Neurologo-Pediatra-1024x576.jpg);\n}\n#banner-995321938 .overlay {\n  background-color: rgba(154, 62, 62, 0.61);\n}\n<\/style>\n  <\/div>\n\n\n<p><span style=\"font-size: 120%;\">En Sinapsis ofrecemos tratamiento rehabilitador multidisciplinar para todas las enfermedades neurol\u00f3gicas del paciente adulto. Contamos con un servicio de neurorehabilitaci\u00f3n integral conformado por las \u00e1reas de Kinesiolog\u00eda y Fisioterapia, Terapia Ocupacional, Fonoaudiolog\u00eda y Psicolog\u00eda.<\/span><\/p>\n<a rel=\"http:\/\/sinapsislapampa.com\/index.php\/especialidades\/neurologia\/\" href=\"http:\/\/sinapsislapampa.com\/index.php\/especialidades\/neurologia\/\" target=\"_self\" class=\"button primary is-outline\"  >\n    <span>SABER M\u00c1S<\/span>\n  <\/a>\n\n\n\n\t\t<\/div>\n\t\t\t<\/div>\n\n\t\n\n\t<div id=\"col-1546739378\" class=\"col small-12 large-12\"  >\n\t\t<div class=\"col-inner text-center\"  >\n\t\t\t\n\t\t\t\n\n\n  <div class=\"banner has-hover\" id=\"banner-1155032442\">\n          <div class=\"banner-inner fill\">\n        <div class=\"banner-bg fill\" >\n            <div class=\"bg fill bg-fill \"><\/div>\n                        <div class=\"overlay\"><\/div>            \n\t<div class=\"is-border\"\n\t\tstyle=\"border-width:0px 0px 0px 0px;margin:0px 0px 7px 0px;\">\n\t<\/div>\n                    <\/div>\n        <div class=\"banner-layers container\">\n            <div class=\"fill banner-link\"><\/div>            \n\n   <div id=\"text-box-316078506\" class=\"text-box banner-layer x50 md-x50 lg-x50 y50 md-y50 lg-y50 res-text\">\n                                <div class=\"text dark\">\n              \n              <div class=\"text-inner text-center\">\n                  \n\n<h3 class=\"uppercase\" style=\"text-align: center;\"><span style=\"font-size: 120%;\"><b>KINESEOLOGIA<\/b><\/span><\/h3>\n\n              <\/div>\n           <\/div>\n                            \n<style>\n#text-box-316078506 {\n  width: 60%;\n}\n#text-box-316078506 .text {\n  font-size: 100%;\n}\n<\/style>\n    <\/div>\n \n\n        <\/div>\n      <\/div>\n\n            \n<style>\n#banner-1155032442 {\n  padding-top: 150px;\n}\n#banner-1155032442 .bg.bg-loaded {\n  background-image: url(https:\/\/sinapsislapampa.com\/wp-content\/uploads\/2020\/12\/KINESEOLOGIA-FOTO.jpg);\n}\n#banner-1155032442 .overlay {\n  background-color: rgba(62, 154, 137, 0.61);\n}\n<\/style>\n  <\/div>\n\n\n<p><span style=\"font-size: 120%;\">Somos un equipo de Profesionales abocados a la Rehabilitaci\u00f3n Integral del paciente adulto con condiciones neurol\u00f3gicas . A\u00f1os de experiencia y capacitados en distintas Metodolog\u00edas de trabajo con Bases en las Neurociencias.<\/span><\/p>\n<a rel=\"http:\/\/sinapsislapampa.com\/index.php\/especialidades\/kineseologia\/\" href=\"http:\/\/sinapsislapampa.com\/index.php\/especialidades\/kineseologia\/\" target=\"_self\" class=\"button primary is-outline\"  >\n    <span>SABER M\u00c1S<\/span>\n  <\/a>\n\n\n\n\t\t<\/div>\n\t\t\t<\/div>\n\n\t\n\n\t<div id=\"col-1242111760\" class=\"col small-12 large-12\"  >\n\t\t<div class=\"col-inner text-center\"  >\n\t\t\t\n\t\t\t\n\n\n  <div class=\"banner has-hover\" id=\"banner-295260904\">\n          <div class=\"banner-inner fill\">\n        <div class=\"banner-bg fill\" >\n            <div class=\"bg fill bg-fill \"><\/div>\n                        <div class=\"overlay\"><\/div>            \n\t<div class=\"is-border\"\n\t\tstyle=\"border-width:0px 0px 0px 0px;margin:0px 0px 7px 0px;\">\n\t<\/div>\n                    <\/div>\n        <div class=\"banner-layers container\">\n            <div class=\"fill banner-link\"><\/div>            \n\n   <div id=\"text-box-1002230387\" class=\"text-box banner-layer x50 md-x50 lg-x50 y50 md-y50 lg-y50 res-text\">\n                                <div class=\"text dark\">\n              \n              <div class=\"text-inner text-center\">\n                  \n\n<h3 class=\"uppercase\" style=\"text-align: center;\"><span style=\"font-size: 120%;\"><b>fonoaudiologia<\/b><\/span><\/h3>\n\n              <\/div>\n           <\/div>\n                            \n<style>\n#text-box-1002230387 {\n  width: 60%;\n}\n#text-box-1002230387 .text {\n  font-size: 100%;\n}\n<\/style>\n    <\/div>\n \n\n        <\/div>\n      <\/div>\n\n            \n<style>\n#banner-295260904 {\n  padding-top: 150px;\n}\n#banner-295260904 .bg.bg-loaded {\n  background-image: url(https:\/\/sinapsislapampa.com\/wp-content\/uploads\/2020\/12\/fonoaudiologia1-1024x659.jpeg);\n}\n#banner-295260904 .overlay {\n  background-color: rgba(56, 125, 200, 0.61);\n}\n<\/style>\n  <\/div>\n\n\n<p><span style=\"font-size: 120%;\">El \u00e1rea de <strong>Fonoaudiolog\u00eda<\/strong> de Sinapsis est\u00e1 conformada por un staff de profesionales especializado en la toma de evaluaciones individualizada y objetiva para cada paciente, para de esa forma dise\u00f1ar e implementar un plan de tratamiento espec\u00edfico.<\/span><\/p>\n<a rel=\"http:\/\/sinapsislapampa.com\/index.php\/especialidades\/fonoaudiologia\/\" href=\"http:\/\/sinapsislapampa.com\/index.php\/especialidades\/fonoaudiologia\/\" target=\"_self\" class=\"button primary is-outline\"  >\n    <span>SABER M\u00c1S<\/span>\n  <\/a>\n\n\n\n\t\t<\/div>\n\t\t\t<\/div>\n\n\t\n\n\t<div id=\"col-1793397951\" class=\"col small-12 large-12\"  >\n\t\t<div class=\"col-inner text-center\"  >\n\t\t\t\n\t\t\t\n\n\n  <div class=\"banner has-hover\" id=\"banner-1296763494\">\n          <div class=\"banner-inner fill\">\n        <div class=\"banner-bg fill\" >\n            <div class=\"bg fill bg-fill \"><\/div>\n                        <div class=\"overlay\"><\/div>            \n\t<div class=\"is-border\"\n\t\tstyle=\"border-width:0px 0px 0px 0px;margin:0px 0px 7px 0px;\">\n\t<\/div>\n                    <\/div>\n        <div class=\"banner-layers container\">\n            <div class=\"fill banner-link\"><\/div>            \n\n   <div id=\"text-box-1915964657\" class=\"text-box banner-layer x50 md-x50 lg-x50 y50 md-y50 lg-y50 res-text\">\n                                <div class=\"text dark\">\n              \n              <div class=\"text-inner text-center\">\n                  \n\n<h3 class=\"uppercase\" style=\"text-align: center;\"><span style=\"font-size: 120%;\"><b>PSICOLOGIA<\/b><\/span><\/h3>\n\n              <\/div>\n           <\/div>\n                            \n<style>\n#text-box-1915964657 {\n  width: 60%;\n}\n#text-box-1915964657 .text {\n  font-size: 100%;\n}\n<\/style>\n    <\/div>\n \n\n        <\/div>\n      <\/div>\n\n            \n<style>\n#banner-1296763494 {\n  padding-top: 150px;\n}\n#banner-1296763494 .bg.bg-loaded {\n  background-image: url(https:\/\/sinapsislapampa.com\/wp-content\/uploads\/2020\/12\/psicologos-integrados-psicologia-clinica-2.jpg);\n}\n#banner-1296763494 .overlay {\n  background-color: rgba(154, 63, 62, 0.61);\n}\n<\/style>\n  <\/div>\n\n\n<p><span style=\"font-size: 120%;\">En el \u00e1rea de psicolog\u00eda de Sinapsis ofrecemos psicoterapia individual y familiar, estimulaci\u00f3n cognitiva grupal e individual y evaluaciones neuropsicol\u00f3gicas m\u00ednimas y completas.<\/span><\/p>\n<a rel=\"http:\/\/sinapsislapampa.com\/index.php\/especialidades\/psicologia\/\" href=\"http:\/\/sinapsislapampa.com\/index.php\/especialidades\/psicologia\/\" target=\"_self\" class=\"button primary is-outline\"  >\n    <span>SABER M\u00c1S<\/span>\n  <\/a>\n\n\n\n\t\t<\/div>\n\t\t\t<\/div>\n\n\t\n\n\t<div id=\"col-880563801\" class=\"col small-12 large-12\"  >\n\t\t<div class=\"col-inner text-center\"  >\n\t\t\t\n\t\t\t\n\n\n  <div class=\"banner has-hover\" id=\"banner-1971725902\">\n          <div class=\"banner-inner fill\">\n        <div class=\"banner-bg fill\" >\n            <div class=\"bg fill bg-fill \"><\/div>\n                        <div class=\"overlay\"><\/div>            \n\t<div class=\"is-border\"\n\t\tstyle=\"border-width:0px 0px 0px 0px;margin:0px 0px 7px 0px;\">\n\t<\/div>\n                    <\/div>\n        <div class=\"banner-layers container\">\n            <div class=\"fill banner-link\"><\/div>            \n\n   <div id=\"text-box-1576021813\" class=\"text-box banner-layer x50 md-x50 lg-x50 y50 md-y50 lg-y50 res-text\">\n                                <div class=\"text dark\">\n              \n              <div class=\"text-inner text-center\">\n                  \n\n<h3 class=\"uppercase\" style=\"text-align: center;\"><span style=\"font-size: 120%;\"><b>TERAPIA OCUPACIONAL<\/b><\/span><\/h3>\n\n              <\/div>\n           <\/div>\n                            \n<style>\n#text-box-1576021813 {\n  width: 60%;\n}\n#text-box-1576021813 .text {\n  font-size: 100%;\n}\n<\/style>\n    <\/div>\n \n\n        <\/div>\n      <\/div>\n\n            \n<style>\n#banner-1971725902 {\n  padding-top: 150px;\n}\n#banner-1971725902 .bg.bg-loaded {\n  background-image: url(https:\/\/sinapsislapampa.com\/wp-content\/uploads\/2020\/12\/IMG_7886-960x415-1.jpg);\n}\n#banner-1971725902 .overlay {\n  background-color: rgba(151, 154, 62, 0.61);\n}\n<\/style>\n  <\/div>\n\n\n<p><span style=\"font-size: 120%;\">Desde el \u00e1rea de <strong>Terapia ocupacional<\/strong> de Sinapsis brindamos servicios a adultos que al presentar situaciones de estr\u00e9s, enfermedad, discapacidad y\/o disfunciones ven afectado su desempe\u00f1o ocupacional, su calidad de vida, y por consiguiente su salud integral.<\/span><\/p>\n<a rel=\"http:\/\/sinapsislapampa.com\/index.php\/especialidades\/terapia-ocupacional\/\" href=\"http:\/\/sinapsislapampa.com\/index.php\/especialidades\/terapia-ocupacional\/\" target=\"_self\" class=\"button primary is-outline\"  >\n    <span>SABER M\u00c1S<\/span>\n  <\/a>\n\n\n\n\t\t<\/div>\n\t\t\t<\/div>\n\n\t\n\n\n<style>\n#row-712566092 > .col > .col-inner {\n  padding: 17px 0px 0px 0px;\n}\n<\/style>\n<\/div>\n\n\t\t<\/div>\n\n\t\t\n<style>\n#section_2045287367 {\n  padding-top: 0px;\n  padding-bottom: 0px;\n}\n<\/style>\n\t<\/section>\n\t\n\n","protected":false},"excerpt":{"rendered":"","protected":false},"author":1,"featured_media":131,"parent":0,"menu_order":0,"comment_status":"closed","ping_status":"closed","template":"page-blank.php","meta":{"footnotes":""},"class_list":["post-46","page","type-page","status-publish","has-post-thumbnail","hentry"],"_links":{"self":[{"href":"https:\/\/sinapsislapampa.com\/index.php\/wp-json\/wp\/v2\/pages\/46","targetHints":{"allow":["GET"]}}],"collection":[{"href":"https:\/\/sinapsislapampa.com\/index.php\/wp-json\/wp\/v2\/pages"}],"about":[{"href":"https:\/\/sinapsislapampa.com\/index.php\/wp-json\/wp\/v2\/types\/page"}],"author":[{"embeddable":true,"href":"https:\/\/sinapsislapampa.com\/index.php\/wp-json\/wp\/v2\/users\/1"}],"replies":[{"embeddable":true,"href":"https:\/\/sinapsislapampa.com\/index.php\/wp-json\/wp\/v2\/comments?post=46"}],"version-history":[{"count":10,"href":"https:\/\/sinapsislapampa.com\/index.php\/wp-json\/wp\/v2\/pages\/46\/revisions"}],"predecessor-version":[{"id":132,"href":"https:\/\/sinapsislapampa.com\/index.php\/wp-json\/wp\/v2\/pages\/46\/revisions\/132"}],"wp:featuredmedia":[{"embeddable":true,"href":"https:\/\/sinapsislapampa.com\/index.php\/wp-json\/wp\/v2\/media\/131"}],"wp:attachment":[{"href":"https:\/\/sinapsislapampa.com\/index.php\/wp-json\/wp\/v2\/media?parent=46"}],"curies":[{"name":"wp","href":"https:\/\/api.w.org\/{rel}","templated":true}]}}