{"id":50,"date":"2020-12-02T18:13:39","date_gmt":"2020-12-02T18:13:39","guid":{"rendered":"http:\/\/sinapsislapampa.com\/?page_id=50"},"modified":"2021-06-17T22:08:25","modified_gmt":"2021-06-17T22:08:25","slug":"terapia-ocupacional","status":"publish","type":"page","link":"http:\/\/sinapsislapampa.com\/index.php\/especialidades\/terapia-ocupacional\/","title":{"rendered":"Terapia Ocupacional"},"content":{"rendered":"\n\n  <div class=\"banner has-hover\" id=\"banner-641150237\">\n          <div class=\"banner-inner fill\">\n        <div class=\"banner-bg fill\" >\n            <div class=\"bg fill bg-fill \"><\/div>\n                        <div class=\"overlay\"><\/div>            \n                    <\/div>\n        <div class=\"banner-layers container\">\n            <div class=\"fill banner-link\"><\/div>            \n\n   <div id=\"text-box-1234598193\" class=\"text-box banner-layer x50 md-x50 lg-x50 y50 md-y50 lg-y50 res-text\">\n                                <div class=\"text dark\">\n              \n              <div class=\"text-inner text-center\">\n                  \n\n\t<div id=\"text-3963443852\" class=\"text\">\n\t\t\n\n<h3 class=\"uppercase\"><b>TERAPIA OCUPACIONAL<\/b><\/h3>\n\t\t\n<style>\n#text-3963443852 {\n  text-align: center;\n}\n<\/style>\n\t<\/div>\n\t\n\n              <\/div>\n           <\/div>\n                            \n<style>\n#text-box-1234598193 {\n  width: 60%;\n}\n#text-box-1234598193 .text {\n  font-size: 100%;\n}\n<\/style>\n    <\/div>\n \n\n        <\/div>\n      <\/div>\n\n            \n<style>\n#banner-641150237 {\n  padding-top: 354px;\n}\n#banner-641150237 .bg.bg-loaded {\n  background-image: url(http:\/\/sinapsislapampa.com\/wp-content\/uploads\/2020\/12\/IMG_7886-960x415-1.jpg);\n}\n#banner-641150237 .overlay {\n  background-color: rgba(42, 42, 42, 0.3);\n}\n<\/style>\n  <\/div>\n\n\n\t<section class=\"section\" id=\"section_887858316\">\n\t\t<div class=\"bg section-bg fill bg-fill  bg-loaded\" >\n\n\t\t\t\n\t\t\t\n\t\t\t\n\n\t\t<\/div>\n\n\t\t<div class=\"section-content relative\">\n\t\t\t\n\n<div class=\"row\"  id=\"row-735965084\">\n\n\n\t<div id=\"col-34954217\" class=\"col small-12 large-12\"  >\n\t\t<div class=\"col-inner\"  >\n\t\t\t\n\t\t\t\n\n<p><span style=\"font-size: 120%;\">Desde el \u00e1rea de <strong>Terapia ocupacional<\/strong> de Sinapsis brindamos servicios a adultos que al presentar situaciones de estr\u00e9s, enfermedad, discapacidad y\/o disfunciones ven afectado su desempe\u00f1o ocupacional, su calidad de vida, y por consiguiente su salud integral. <\/span><\/p>\n<p><span style=\"font-size: 120%;\">Estas personas requieren de una atenci\u00f3n especializada a fin de desarrollar destrezas, habilidades y capacidades que les posibiliten reposicionarse ante nuevas situaciones, potenciar su capacidad funcional, mejorar su calidad de vida y alcanzar el m\u00e1ximo grado de autonom\u00eda personal.<\/span><\/p>\n<p><span style=\"font-size: 120%;\">El instrumento de intervenci\u00f3n principal del terapista ocupacional son las ocupaciones y actividades que realizan todos los seres humanos a lo largo de sus vidas: actividades b\u00e1sicas de la vida diaria (higiene, vestido, arreglo personal, etc.), actividades instrumentales de la vida diaria (manejo del dinero, transporte, etc.), ocio, juego, trabajo, educaci\u00f3n, participaci\u00f3n social y tiempo libre.<\/span><\/p>\n<p><span style=\"font-size: 120%;\">Las funciones del terapista ocupacional durante la atenci\u00f3n de un paciente neurol\u00f3gico son:<\/span><\/p>\n<ul>\n<li><span style=\"font-size: 120%;\"><strong>Desarrollo de habilidades de procesamiento:<\/strong> estimular las capacidades cognitivas, emocionales y conductuales necesarias para percibir, organizar y manipular la informaci\u00f3n del ambiente y planificar las respuestas en relaci\u00f3n a un prop\u00f3sito en situaciones futuras y entornos diversos.<\/span><\/li>\n<li><span style=\"font-size: 120%;\"><strong>Desempe\u00f1o ocupacional:<\/strong> favorecer la participaci\u00f3n en actividades y ocupaciones. Promover el cuidado de estructuras y funciones corporales que influir\u00e1n en el desempe\u00f1o ocupacional del paciente.<\/span><\/li>\n<li><span style=\"font-size: 120%;\"><strong>Asesoramiento familiar:<\/strong> ense\u00f1ar a familiares y cuidadores del paciente estrategias para fomentar su participaci\u00f3n en las actividades de la vida diaria.<\/span><\/li>\n<li><span style=\"font-size: 120%;\"><strong>Reeducaci\u00f3n funcional:<\/strong> incrementar y favorecer la respuesta voluntaria a la actividad muscular, incrementar y mantener el rango articular pasivo de miembros superiores.<\/span><\/li>\n<li><span style=\"font-size: 120%;\"><strong>Desarrollo de habilidades motoras:<\/strong> facilitar la ejecuci\u00f3n motora a trav\u00e9s de patrones de movimiento incluidos en actividades con prop\u00f3sito, facilitando variabilidad de patrones de alcance, manteniendo e incrementando rangos articulares.<\/span><\/li>\n<li><span style=\"font-size: 120%;\"><strong>T\u00e9cnicas de reeducaci\u00f3n sensitiva:<\/strong> ayudan al paciente a reinterpretar los impulsos sensoriales. Tambi\u00e9n ense\u00f1amos t\u00e9cnicas compensatorias para que el paciente aplique medidas de seguridad en la realizaci\u00f3n de sus actividades.<\/span><\/li>\n<li><span style=\"font-size: 120%;\"><strong>Adaptaciones:<\/strong> indicamos el equipamiento adecuado para facilitar el mejor control postural y para fomentar la autonom\u00eda en las actividades de la vida diaria.<\/span><\/li>\n<\/ul>\n<div class=\"container section-title-container\" ><h3 class=\"section-title section-title-center\"><b><\/b><span class=\"section-title-main\" >NUESTROS PROFESIONALES<\/span><b><\/b><\/h3><\/div>\n\n<div class=\"row\"  id=\"row-1576905663\">\n\n\n\t<div id=\"col-947544781\" class=\"col medium-3 small-12 large-3\"  >\n\t\t<div class=\"col-inner\"  >\n\t\t\t\n\t\t\t\n\n    <div class=\"box has-hover has-hover box-push box-text-bottom\" >\n\n                  <div class=\"box-image \" style=\"width:80%;\">\n           <div class=\"box-image-inner image-cover\" style=\"border-radius:100%;padding-top:100%;\">\n              <img decoding=\"async\" src=\"http:\/\/sinapsislapampa.com\/wp-content\/themes\/flatsome-2\/assets\/img\/missing.jpg\" \/>                         <\/div>\n          <\/div>\n         \n          <div class=\"box-text text-center\" >\n                <div class=\"box-text-inner\">\n                  <h4 class=\"uppercase\">\n                    <span class=\"person-name\">Carro Keller Jorgelina<\/span><br\/>\n                    <span class=\"person-title is-small thin-font op-7\">\n                      MP 3193                    <\/span>\n                  <\/h4>\n                 <div class=\"social-icons follow-icons\" ><a href=\"mailto:jorgelinacarro@hotmail.com\" data-label=\"E-mail\"  rel=\"nofollow\" class=\"icon button circle is-outline  email tooltip\" title=\"Env\u00edanos un email\"><i class=\"icon-envelop\" ><\/i><\/a><a href=\"tel:02954245111\" target=\"_blank\"  data-label=\"Phone\"  rel=\"noopener noreferrer nofollow\" class=\"icon button circle is-outline  phone tooltip\" title=\"Call us\"><i class=\"icon-phone\" ><\/i><\/a><\/div>                 \n\n\n                <\/div>\n          <\/div>\n    <\/div>\n\n    \n    \n\n\t\t<\/div>\n\t\t\t<\/div>\n\n\t\n\n\t<div id=\"col-2081854390\" class=\"col medium-3 small-12 large-3\"  >\n\t\t<div class=\"col-inner\"  >\n\t\t\t\n\t\t\t\n\n    <div class=\"box has-hover has-hover box-push box-text-bottom\" >\n\n                  <div class=\"box-image \" style=\"width:80%;\">\n           <div class=\"box-image-inner image-cover\" style=\"border-radius:100%;padding-top:100%;\">\n              <img decoding=\"async\" src=\"http:\/\/sinapsislapampa.com\/wp-content\/themes\/flatsome-2\/assets\/img\/missing.jpg\" \/>                         <\/div>\n          <\/div>\n         \n          <div class=\"box-text text-center\" >\n                <div class=\"box-text-inner\">\n                  <h4 class=\"uppercase\">\n                    <span class=\"person-name\">Contreras Belen<\/span><br\/>\n                    <span class=\"person-title is-small thin-font op-7\">\n                      MP 4296                    <\/span>\n                  <\/h4>\n                 <div class=\"social-icons follow-icons\" ><a href=\"mailto:mbelen_contreras@outlook.es\" data-label=\"E-mail\"  rel=\"nofollow\" class=\"icon button circle is-outline  email tooltip\" title=\"Env\u00edanos un email\"><i class=\"icon-envelop\" ><\/i><\/a><a href=\"tel:02954245111\" target=\"_blank\"  data-label=\"Phone\"  rel=\"noopener noreferrer nofollow\" class=\"icon button circle is-outline  phone tooltip\" title=\"Call us\"><i class=\"icon-phone\" ><\/i><\/a><\/div>                 \n\n\n                <\/div>\n          <\/div>\n    <\/div>\n\n    \n    \n\n\t\t<\/div>\n\t\t\t<\/div>\n\n\t\n\n\t<div id=\"col-1414482170\" class=\"col medium-3 small-12 large-3\"  >\n\t\t<div class=\"col-inner\"  >\n\t\t\t\n\t\t\t\n\n    <div class=\"box has-hover has-hover box-push box-text-bottom\" >\n\n                  <div class=\"box-image \" style=\"width:80%;\">\n           <div class=\"box-image-inner image-cover\" style=\"border-radius:100%;padding-top:100%;\">\n              <img decoding=\"async\" src=\"http:\/\/sinapsislapampa.com\/wp-content\/themes\/flatsome-2\/assets\/img\/missing.jpg\" \/>                         <\/div>\n          <\/div>\n         \n          <div class=\"box-text text-center\" >\n                <div class=\"box-text-inner\">\n                  <h4 class=\"uppercase\">\n                    <span class=\"person-name\">Krenz Horacio<\/span><br\/>\n                    <span class=\"person-title is-small thin-font op-7\">\n                      MP 3923                    <\/span>\n                  <\/h4>\n                 <div class=\"social-icons follow-icons\" ><a href=\"mailto:horaciokrenz@hotmail.com\" data-label=\"E-mail\"  rel=\"nofollow\" class=\"icon button circle is-outline  email tooltip\" title=\"Env\u00edanos un email\"><i class=\"icon-envelop\" ><\/i><\/a><a href=\"tel:02954245111\" target=\"_blank\"  data-label=\"Phone\"  rel=\"noopener noreferrer nofollow\" class=\"icon button circle is-outline  phone tooltip\" title=\"Call us\"><i class=\"icon-phone\" ><\/i><\/a><\/div>                 \n\n\n                <\/div>\n          <\/div>\n    <\/div>\n\n    \n    \n\n\t\t<\/div>\n\t\t\t<\/div>\n\n\t\n\n\t<div id=\"col-691230583\" class=\"col medium-3 small-12 large-3\"  >\n\t\t<div class=\"col-inner\"  >\n\t\t\t\n\t\t\t\n\n    <div class=\"box has-hover has-hover box-push box-text-bottom\" >\n\n                  <div class=\"box-image \" style=\"width:80%;\">\n           <div class=\"box-image-inner image-cover\" style=\"border-radius:100%;padding-top:100%;\">\n              <img decoding=\"async\" src=\"http:\/\/sinapsislapampa.com\/wp-content\/themes\/flatsome-2\/assets\/img\/missing.jpg\" \/>                         <\/div>\n          <\/div>\n         \n          <div class=\"box-text text-center\" >\n                <div class=\"box-text-inner\">\n                  <h4 class=\"uppercase\">\n                    <span class=\"person-name\">Lopatin Maya<\/span><br\/>\n                    <span class=\"person-title is-small thin-font op-7\">\n                      MP 3299                    <\/span>\n                  <\/h4>\n                 <div class=\"social-icons follow-icons\" ><a href=\"mailto:mayflopat@hotmail.com\" data-label=\"E-mail\"  rel=\"nofollow\" class=\"icon button circle is-outline  email tooltip\" title=\"Env\u00edanos un email\"><i class=\"icon-envelop\" ><\/i><\/a><a href=\"tel:02954245111\" target=\"_blank\"  data-label=\"Phone\"  rel=\"noopener noreferrer nofollow\" class=\"icon button circle is-outline  phone tooltip\" title=\"Call us\"><i class=\"icon-phone\" ><\/i><\/a><\/div>                 \n\n\n                <\/div>\n          <\/div>\n    <\/div>\n\n    \n    \n\n\t\t<\/div>\n\t\t\t<\/div>\n\n\t\n\n<\/div>\n\n\t\t<\/div>\n\t\t\t<\/div>\n\n\t\n\n<\/div>\n\n\t\t<\/div>\n\n\t\t\n<style>\n#section_887858316 {\n  padding-top: 30px;\n  padding-bottom: 30px;\n}\n<\/style>\n\t<\/section>\n\t\n\n","protected":false},"excerpt":{"rendered":"","protected":false},"author":1,"featured_media":0,"parent":46,"menu_order":0,"comment_status":"closed","ping_status":"closed","template":"page-blank.php","meta":{"footnotes":""},"class_list":["post-50","page","type-page","status-publish","hentry"],"_links":{"self":[{"href":"http:\/\/sinapsislapampa.com\/index.php\/wp-json\/wp\/v2\/pages\/50","targetHints":{"allow":["GET"]}}],"collection":[{"href":"http:\/\/sinapsislapampa.com\/index.php\/wp-json\/wp\/v2\/pages"}],"about":[{"href":"http:\/\/sinapsislapampa.com\/index.php\/wp-json\/wp\/v2\/types\/page"}],"author":[{"embeddable":true,"href":"http:\/\/sinapsislapampa.com\/index.php\/wp-json\/wp\/v2\/users\/1"}],"replies":[{"embeddable":true,"href":"http:\/\/sinapsislapampa.com\/index.php\/wp-json\/wp\/v2\/comments?post=50"}],"version-history":[{"count":6,"href":"http:\/\/sinapsislapampa.com\/index.php\/wp-json\/wp\/v2\/pages\/50\/revisions"}],"predecessor-version":[{"id":304,"href":"http:\/\/sinapsislapampa.com\/index.php\/wp-json\/wp\/v2\/pages\/50\/revisions\/304"}],"up":[{"embeddable":true,"href":"http:\/\/sinapsislapampa.com\/index.php\/wp-json\/wp\/v2\/pages\/46"}],"wp:attachment":[{"href":"http:\/\/sinapsislapampa.com\/index.php\/wp-json\/wp\/v2\/media?parent=50"}],"curies":[{"name":"wp","href":"https:\/\/api.w.org\/{rel}","templated":true}]}}