{"id":327,"date":"2021-06-30T00:12:06","date_gmt":"2021-06-30T00:12:06","guid":{"rendered":"http:\/\/sinapsislapampa.com\/?page_id=327"},"modified":"2021-07-26T14:16:45","modified_gmt":"2021-07-26T14:16:45","slug":"recursos","status":"publish","type":"page","link":"http:\/\/sinapsislapampa.com\/index.php\/recursos\/","title":{"rendered":"Recursos"},"content":{"rendered":"\n\t<section class=\"section\" id=\"section_1295070508\">\n\t\t<div class=\"bg section-bg fill bg-fill  bg-loaded\" >\n\n\t\t\t\n\t\t\t\n\t\t\t\n\n\t\t<\/div>\n\n\t\t<div class=\"section-content relative\">\n\t\t\t\n\n<div class=\"container section-title-container\" ><h1 class=\"section-title section-title-normal\"><b><\/b><span class=\"section-title-main\" >RECURSOS<\/span><b><\/b><\/h1><\/div>\n\n<p>En esta pagina encontrar\u00e1s nuestra biblioteca de recursos, pensados para que puedas acceder a informaci\u00f3n de calidad sobre enfermedades neurol\u00f3gicas.<\/p>\n\n\t\t<\/div>\n\n\t\t\n<style>\n#section_1295070508 {\n  padding-top: 30px;\n  padding-bottom: 30px;\n}\n<\/style>\n\t<\/section>\n\t\n\t<section class=\"section\" id=\"section_1129110826\">\n\t\t<div class=\"bg section-bg fill bg-fill  bg-loaded\" >\n\n\t\t\t\n\t\t\t\n\t\t\t\n\n\t\t<\/div>\n\n\t\t<div class=\"section-content relative\">\n\t\t\t\n\n\n\t\t<div class=\"tabbed-content\">\n\t\t\t\n\t\t\t<ul class=\"nav nav-tabs nav-uppercase nav-size-normal nav-left\"><li class=\"tab active has-icon\"><a href=\"#tab_archivos\"><span>archivos<\/span><\/a><\/li>\n<li class=\"tab has-icon\"><a href=\"#tab_enlaces-utiles\"><span>ENLACES UTILES<\/span><\/a><\/li><\/ul><div class=\"tab-panels\"><div class=\"panel active entry-content\" id=\"tab_archivos\">\n\n\t<div class=\"ux-menu stack stack-col justify-start ux-menu--divider-solid\">\n\t\t\n\n\t<div class=\"ux-menu-link flex menu-item\">\n\t\t<a class=\"ux-menu-link__link flex\" href=\"http:\/\/sinapsislapampa.com\/wp-content\/uploads\/2021\/07\/Higiene-del-suen\u0303o.pdf\"  >\n\t\t\t<i class=\"ux-menu-link__icon text-center icon-angle-right\" ><\/i>\t\t\t<span class=\"ux-menu-link__text\">\n\t\t\t\tHigiene del sue\u00f1o\t\t\t<\/span>\n\t\t<\/a>\n\t<\/div>\n\t\n\n\t<div class=\"ux-menu-link flex menu-item hidden\">\n\t\t<a class=\"ux-menu-link__link flex\" href=\"http:\/\/sinapsislapampa.com\"  >\n\t\t\t<i class=\"ux-menu-link__icon text-center icon-angle-right\" ><\/i>\t\t\t<span class=\"ux-menu-link__text\">\n\t\t\t\tCalendario de cefaleas\t\t\t<\/span>\n\t\t<\/a>\n\t<\/div>\n\t\n\n\t<div class=\"ux-menu-link flex menu-item\">\n\t\t<a class=\"ux-menu-link__link flex\" href=\"http:\/\/sinapsislapampa.com\/wp-content\/uploads\/2021\/07\/Esclerosis-mu\u0301ltiple.-una-visio\u0301n-integral.pdf\"  >\n\t\t\t<i class=\"ux-menu-link__icon text-center icon-angle-right\" ><\/i>\t\t\t<span class=\"ux-menu-link__text\">\n\t\t\t\tGu\u00eda de Esclerosis M\u00faltiple para pacientes\t\t\t<\/span>\n\t\t<\/a>\n\t<\/div>\n\t\n\n\t<div class=\"ux-menu-link flex menu-item\">\n\t\t<a class=\"ux-menu-link__link flex\" href=\"http:\/\/sinapsislapampa.com\/wp-content\/uploads\/2021\/07\/Diario-de-suen\u0303o.pdf\"  >\n\t\t\t<i class=\"ux-menu-link__icon text-center icon-angle-right\" ><\/i>\t\t\t<span class=\"ux-menu-link__text\">\n\t\t\t\tDiario de sue\u00f1o\t\t\t<\/span>\n\t\t<\/a>\n\t<\/div>\n\t\n\n\n\t<\/div>\n\t\n\n<\/div>\n<div class=\"panel entry-content\" id=\"tab_enlaces-utiles\">\n\n\t<div class=\"ux-menu stack stack-col justify-start ux-menu--divider-solid\">\n\t\t\n\n\t<div class=\"ux-menu-link flex menu-item\">\n\t\t<a class=\"ux-menu-link__link flex\" href=\"https:\/\/www.alcem.org.ar\/\" target=\"_blank\" rel=\"noopener noreferrer\" >\n\t\t\t<i class=\"ux-menu-link__icon text-center icon-star\" ><\/i>\t\t\t<span class=\"ux-menu-link__text\">\n\t\t\t\tALCEM - Asociaci\u00f3n de lucha contra Esclerosis M\u00faltiple.\t\t\t<\/span>\n\t\t<\/a>\n\t<\/div>\n\t\n\n\n\t<\/div>\n\t\n\n<\/div><\/div><\/div>\n\n\t\t<\/div>\n\n\t\t\n<style>\n#section_1129110826 {\n  padding-top: 30px;\n  padding-bottom: 30px;\n}\n<\/style>\n\t<\/section>\n\t\n\n","protected":false},"excerpt":{"rendered":"","protected":false},"author":1,"featured_media":0,"parent":0,"menu_order":0,"comment_status":"closed","ping_status":"closed","template":"","meta":{"footnotes":""},"class_list":["post-327","page","type-page","status-publish","hentry"],"_links":{"self":[{"href":"http:\/\/sinapsislapampa.com\/index.php\/wp-json\/wp\/v2\/pages\/327","targetHints":{"allow":["GET"]}}],"collection":[{"href":"http:\/\/sinapsislapampa.com\/index.php\/wp-json\/wp\/v2\/pages"}],"about":[{"href":"http:\/\/sinapsislapampa.com\/index.php\/wp-json\/wp\/v2\/types\/page"}],"author":[{"embeddable":true,"href":"http:\/\/sinapsislapampa.com\/index.php\/wp-json\/wp\/v2\/users\/1"}],"replies":[{"embeddable":true,"href":"http:\/\/sinapsislapampa.com\/index.php\/wp-json\/wp\/v2\/comments?post=327"}],"version-history":[{"count":7,"href":"http:\/\/sinapsislapampa.com\/index.php\/wp-json\/wp\/v2\/pages\/327\/revisions"}],"predecessor-version":[{"id":350,"href":"http:\/\/sinapsislapampa.com\/index.php\/wp-json\/wp\/v2\/pages\/327\/revisions\/350"}],"wp:attachment":[{"href":"http:\/\/sinapsislapampa.com\/index.php\/wp-json\/wp\/v2\/media?parent=327"}],"curies":[{"name":"wp","href":"https:\/\/api.w.org\/{rel}","templated":true}]}}